{"id":2080,"date":"2024-03-17T20:05:29","date_gmt":"2024-03-17T20:05:29","guid":{"rendered":"https:\/\/villaspencer.com\/?page_id=2080"},"modified":"2024-03-17T20:05:29","modified_gmt":"2024-03-17T20:05:29","slug":"website-terms-of-use","status":"publish","type":"page","link":"https:\/\/villaspencer.com\/fr\/website-terms-of-use\/","title":{"rendered":"Website &#8211; Terms of Use"},"content":{"rendered":"<p><strong>CONDITIONS D&rsquo;UTILISATION DU SITE WEB<\/strong><\/p>\n<p>En continuant \u00e0 naviguer et \u00e0 utiliser notre site Web, vous acceptez implicitement nos conditions d&rsquo;utilisation.<\/p>\n<p>Tout le contenu est la propri\u00e9t\u00e9 de Villa Spencer, sauf indication contraire. Vous ne pouvez pas copier ou r\u00e9utiliser le contenu de quelque mani\u00e8re que ce soit sans l&rsquo;autorisation \u00e9crite expresse de Villa Spencer.<\/p>\n<p>Bien que nous fassions tout notre possible pour garantir que les informations pr\u00e9sentes sur notre site Web, ou r\u00e9f\u00e9renc\u00e9es par celui-ci, sont exactes et v\u00e9ridiques, nous ne pouvons \u00eatre tenus responsables de toute perte ou dommage, quelle qu&rsquo;en soit la cause, pouvant d\u00e9couler de votre utilisation de celui-ci.<\/p>\n<p>Le contenu de ce site Web ne constitue en aucun cas une offre formelle ou un accord contractuel.<\/p>\n<p>Nous ne sommes pas responsables du contenu des sites Web externes, sauf indication contraire explicite.<\/p>\n<p>Nos conditions commerciales sont couvertes par un accord distinct.<\/p>\n","protected":false},"excerpt":{"rendered":"<p>CONDITIONS D&rsquo;UTILISATION DU SITE WEB En continuant \u00e0 naviguer et \u00e0 utiliser notre site Web, vous acceptez implicitement nos conditions d&rsquo;utilisation. Tout le contenu est la propri\u00e9t\u00e9 de Villa Spencer, sauf indication contraire. Vous ne pouvez pas copier ou r\u00e9utiliser le contenu de quelque mani\u00e8re que ce soit sans l&rsquo;autorisation &hellip;<\/p>\n","protected":false},"author":3,"featured_media":0,"parent":0,"menu_order":0,"comment_status":"closed","ping_status":"closed","template":"","meta":{"_exactmetrics_skip_tracking":false,"_exactmetrics_sitenote_active":false,"_exactmetrics_sitenote_note":"","_exactmetrics_sitenote_category":0,"footnotes":""},"class_list":["post-2080","page","type-page","status-publish","hentry"],"_links":{"self":[{"href":"https:\/\/villaspencer.com\/fr\/wp-json\/wp\/v2\/pages\/2080"}],"collection":[{"href":"https:\/\/villaspencer.com\/fr\/wp-json\/wp\/v2\/pages"}],"about":[{"href":"https:\/\/villaspencer.com\/fr\/wp-json\/wp\/v2\/types\/page"}],"author":[{"embeddable":true,"href":"https:\/\/villaspencer.com\/fr\/wp-json\/wp\/v2\/users\/3"}],"replies":[{"embeddable":true,"href":"https:\/\/villaspencer.com\/fr\/wp-json\/wp\/v2\/comments?post=2080"}],"version-history":[{"count":1,"href":"https:\/\/villaspencer.com\/fr\/wp-json\/wp\/v2\/pages\/2080\/revisions"}],"predecessor-version":[{"id":2081,"href":"https:\/\/villaspencer.com\/fr\/wp-json\/wp\/v2\/pages\/2080\/revisions\/2081"}],"wp:attachment":[{"href":"https:\/\/villaspencer.com\/fr\/wp-json\/wp\/v2\/media?parent=2080"}],"curies":[{"name":"wp","href":"https:\/\/api.w.org\/{rel}","templated":true}]}}